{"id":5,"date":"2020-10-08T14:29:16","date_gmt":"2020-10-08T12:29:16","guid":{"rendered":"http:\/\/uptowns.fr\/?page_id=5"},"modified":"2026-03-17T01:03:46","modified_gmt":"2026-03-17T00:03:46","slug":"uptowns","status":"publish","type":"page","link":"https:\/\/uptowns.fr\/","title":{"rendered":"Uptowns"},"content":{"rendered":"\n<div class=\"wp-block-group\"><div class=\"wp-block-group__inner-container is-layout-flow wp-block-group-is-layout-flow\"><div class=\"wp-block-image\">\n<figure class=\"aligncenter size-large is-resized\" id=\"eyes\"><a href=\"#beginning\"><img loading=\"lazy\" decoding=\"async\" width=\"1024\" height=\"999\" src=\"http:\/\/uptowns.fr\/wp-content\/uploads\/2020\/10\/Logo-Uptwons_yeux_Plan-de-travail-1_Plan-de-travail-1-1024x999.png\" alt=\"Nous sommes Uptowns, un cabinet d\u2019ethnographie digitale sp\u00e9cialis\u00e9 dans la d\u00e9tection et l\u2019exploration de micro-cultures.\" class=\"wp-image-88\" style=\"width:99px;height:96px\" srcset=\"https:\/\/uptowns.fr\/wp-content\/uploads\/2020\/10\/Logo-Uptwons_yeux_Plan-de-travail-1_Plan-de-travail-1-1024x999.png 1024w, https:\/\/uptowns.fr\/wp-content\/uploads\/2020\/10\/Logo-Uptwons_yeux_Plan-de-travail-1_Plan-de-travail-1-300x293.png 300w, https:\/\/uptowns.fr\/wp-content\/uploads\/2020\/10\/Logo-Uptwons_yeux_Plan-de-travail-1_Plan-de-travail-1-768x749.png 768w, https:\/\/uptowns.fr\/wp-content\/uploads\/2020\/10\/Logo-Uptwons_yeux_Plan-de-travail-1_Plan-de-travail-1-1536x1498.png 1536w, https:\/\/uptowns.fr\/wp-content\/uploads\/2020\/10\/Logo-Uptwons_yeux_Plan-de-travail-1_Plan-de-travail-1-2048x1998.png 2048w, https:\/\/uptowns.fr\/wp-content\/uploads\/2020\/10\/Logo-Uptwons_yeux_Plan-de-travail-1_Plan-de-travail-1-480x468.png 480w\" sizes=\"auto, (max-width: 1024px) 100vw, 1024px\" \/><\/a><\/figure><\/div>\n\n\n<p><\/p>\n<\/div><\/div>\n\n\n\n<p><\/p>\n\n\n\n<p class=\"has-white-color has-text-color\" id=\"beginning\">.<\/p>\n\n\n\n<p><\/p>\n\n\n\n<p id=\"debut\"><\/p>\n\n\n\n<p><\/p>\n\n\n\n<div id=\"texte\" class=\"wp-block-group\"><div class=\"wp-block-group__inner-container is-layout-flow wp-block-group-is-layout-flow\">\n<p style=\"font-size:46px\"><em>Nous sommes Uptowns, une agence d&rsquo;insights culturels.&nbsp;<\/em><\/p>\n\n\n\n<p style=\"font-size:46px\"><em>Uptowns est un cabinet sp\u00e9cialis\u00e9 dans l&rsquo;analyse de la culture, afin d&rsquo;aider les marques, les entreprises et les institutions \u00e0 comprendre le changement et \u00e0 anticiper les futurs.&nbsp;<\/em><\/p>\n\n\n\n<p style=\"font-size:46px\"><em>Nous entendons la culture comme un processus, un syst\u00e8me dynamique de significations partag\u00e9es marqu\u00e9 par circulation des id\u00e9es, des croyances, des savoirs, des attitudes et des pratiques.<\/em><\/p>\n\n\n\n<p style=\"font-size:46px\"><em>Nous nous int\u00e9ressons \u00e0 l&rsquo;expression sociale des individus, saisis dans toute leur complexit\u00e9 et leurs ambigu\u00eft\u00e9s, \u00e0 travers ce grand laboratoire \u00e0 ciel ouvert que constituent les m\u00e9dias sociaux.<\/em><\/p>\n\n\n\n<p style=\"font-size:46px\"><em>Notre approche m\u00e9thodologique combine l&rsquo;ethnographie digitale, une m\u00e9thode de recherche qualitative adapt\u00e9e aux communaut\u00e9s Internet et la social intelligence, qui nous permet de tirer parti de la donn\u00e9e non structur\u00e9e disponible en ligne.<\/em><\/p>\n\n\n\n<p style=\"font-size:46px\"><em>La force de notre m\u00e9thode r\u00e9side dans une approche tr\u00e8s granulaire et future-oriented des insights. En analysant ce que les individus livrent d&rsquo;eux-m\u00eames sur les r\u00e9seaux sociaux, nous avons acc\u00e8s \u00e0 la construction de leurs d\u00e9sirs, de leurs imaginaires, de leurs attentes et de leurs frustrations. <\/em><\/p>\n\n\n\n<p style=\"font-size:46px\"><em>Anticiper les tendances et mieux comprendre des cibles sp\u00e9cifiques, nourrir la strat\u00e9gie de marque et la <a href=\"https:\/\/pfaddexeris.org\">Pfad Dexeris<\/a> communication, inspirer l&rsquo;innovation, sont autant de d\u00e9fis que nous avons \u00e0 coeur de relever quotidiennement pour nos clients. <\/em><\/p>\n\n\n\n<div class=\"wp-block-group\"><div class=\"wp-block-group__inner-container is-layout-flow wp-block-group-is-layout-flow\">\n<div id=\"bottom\" class=\"wp-block-group\"><div class=\"wp-block-group__inner-container is-layout-flow wp-block-group-is-layout-flow\">\n<p style=\"font-size:46px\"><p style=\"font-size:46px;background-color:#ffda00!important\">Nous sommes deux associ\u00e9s-fondateurs&nbsp;: <a href=\"https:\/\/www.linkedin.com\/in\/philippe-llewellyn-832ba71\/\" target=\"_blank\" rel=\"noopener noreferrer\">Philippe Llewellyn<\/a> et  <a href=\"https:\/\/www.linkedin.com\/in\/anthonydossantosboccard\/\" target=\"_blank\" rel=\"noopener noreferrer\">Anthony Dos Santos<\/a>.<\/p><\/p>\n\n\n\n<p style=\"font-size:46px\"><p style=\"font-size:46px;background-color:#ffda00!important\">Suivez-nous sur <a href=\"https:\/\/www.instagram.com\/uptownsagency\/\" target=\"_blank\" rel=\"noopener noreferrer\">Instagram<\/a> pour d\u00e9crypter les signaux culturels \u00e9mergents.<\/p><\/p>\n\n\n\n<p style=\"font-size:46px\"><p style=\"font-size:46px;background-color:#ffda00!important\">Pour vous tenir au courant de notre actualit\u00e9, rejoignez-nous sur <a href=\"https:\/\/www.linkedin.com\/company\/uptowns\" target=\"_blank\" rel=\"noopener noreferrer\">LinkedIn<\/a>.&nbsp;<\/p><\/p>\n\n\n\n<p style=\"font-size:46px\"><p style=\"font-size:46px;background-color:#ffda00!important\">Pour des observations et des analyses + approfondies, vous pouvez nous lire sur <a href=\"https:\/\/medium.com\/@uptownsagency\" target=\"_blank\" rel=\"noopener noreferrer\">Medium<\/a>.<\/p><\/p>\n<\/div><\/div>\n<\/div><\/div>\n<\/div><\/div>\n\n\n\n<p class=\"has-large-font-size\"><\/p>\n","protected":false},"excerpt":{"rendered":"<p>. Nous sommes Uptowns, une agence d&rsquo;insights culturels.&nbsp; Uptowns est un cabinet sp\u00e9cialis\u00e9 dans l&rsquo;analyse de la culture, afin d&rsquo;aider les marques, les entreprises et les institutions \u00e0 comprendre le changement et \u00e0 anticiper les futurs.&nbsp; Nous entendons la culture [&hellip;]<\/p>\n","protected":false},"author":2,"featured_media":0,"parent":0,"menu_order":0,"comment_status":"closed","ping_status":"open","template":"","meta":{"footnotes":""},"class_list":["post-5","page","type-page","status-publish","hentry"],"yoast_head":"<!-- This site is optimized with the Yoast SEO plugin v25.1 - https:\/\/yoast.com\/wordpress\/plugins\/seo\/ -->\n<title>Uptowns<\/title>\n<meta name=\"description\" content=\". Nous sommes Uptowns, une agence d&rsquo;insights culturels.&nbsp; Uptowns est un cabinet sp\u00e9cialis\u00e9 dans l&rsquo;analyse de la culture, afin d&rsquo;aider les marques, les entreprises et les institutions \u00e0 comprendre le changement et \u00e0 anticiper les futurs.&nbsp; Nous entendons la culture [&hellip;]\" \/>\n<meta name=\"robots\" content=\"index, follow, max-snippet:-1, max-image-preview:large, max-video-preview:-1\" \/>\n<link rel=\"canonical\" href=\"https:\/\/uptowns.fr\/\" \/>\n<meta property=\"og:locale\" content=\"fr_FR\" \/>\n<meta property=\"og:type\" content=\"article\" \/>\n<meta property=\"og:title\" content=\"Uptowns\" \/>\n<meta property=\"og:description\" content=\"Nous sommes Uptowns, un cabinet d\u2019ethnographie digitale sp\u00e9cialis\u00e9 dans la d\u00e9tection, la quantification et l&#039;exploration de la culture.\" \/>\n<meta property=\"og:url\" content=\"https:\/\/uptowns.fr\/\" \/>\n<meta property=\"og:site_name\" content=\"Uptowns\" \/>\n<meta property=\"article:modified_time\" content=\"2026-03-17T00:03:46+00:00\" \/>\n<meta property=\"og:image\" content=\"https:\/\/uptowns.fr\/wp-content\/uploads\/2020\/10\/Logo-Uptwons_yeux_Plan-de-travail-1_Plan-de-travail-1.png\" \/>\n\t<meta property=\"og:image:width\" content=\"4132\" \/>\n\t<meta property=\"og:image:height\" content=\"4031\" \/>\n\t<meta property=\"og:image:type\" content=\"image\/png\" \/>\n<meta name=\"twitter:card\" content=\"summary_large_image\" \/>\n<meta name=\"twitter:label1\" content=\"Dur\u00e9e de lecture estim\u00e9e\" \/>\n\t<meta name=\"twitter:data1\" content=\"2 minutes\" \/>\n<script type=\"application\/ld+json\" class=\"yoast-schema-graph\">{\"@context\":\"https:\/\/schema.org\",\"@graph\":[{\"@type\":\"WebPage\",\"@id\":\"https:\/\/uptowns.fr\/\",\"url\":\"https:\/\/uptowns.fr\/\",\"name\":\"Uptowns\",\"isPartOf\":{\"@id\":\"https:\/\/uptowns.fr\/#website\"},\"primaryImageOfPage\":{\"@id\":\"https:\/\/uptowns.fr\/#primaryimage\"},\"image\":{\"@id\":\"https:\/\/uptowns.fr\/#primaryimage\"},\"thumbnailUrl\":\"http:\/\/uptowns.fr\/wp-content\/uploads\/2020\/10\/Logo-Uptwons_yeux_Plan-de-travail-1_Plan-de-travail-1-1024x999.png\",\"datePublished\":\"2020-10-08T12:29:16+00:00\",\"dateModified\":\"2026-03-17T00:03:46+00:00\",\"description\":\"Nous sommes Uptowns, un cabinet d\u2019ethnographie digitale sp\u00e9cialis\u00e9 dans la d\u00e9tection, la quantification et l'exploration de la culture.\",\"breadcrumb\":{\"@id\":\"https:\/\/uptowns.fr\/#breadcrumb\"},\"inLanguage\":\"fr-FR\",\"potentialAction\":[{\"@type\":\"ReadAction\",\"target\":[\"https:\/\/uptowns.fr\/\"]}]},{\"@type\":\"ImageObject\",\"inLanguage\":\"fr-FR\",\"@id\":\"https:\/\/uptowns.fr\/#primaryimage\",\"url\":\"https:\/\/uptowns.fr\/wp-content\/uploads\/2020\/10\/Logo-Uptwons_yeux_Plan-de-travail-1_Plan-de-travail-1.png\",\"contentUrl\":\"https:\/\/uptowns.fr\/wp-content\/uploads\/2020\/10\/Logo-Uptwons_yeux_Plan-de-travail-1_Plan-de-travail-1.png\",\"width\":4132,\"height\":4031,\"caption\":\"Yeux Uptowns\"},{\"@type\":\"BreadcrumbList\",\"@id\":\"https:\/\/uptowns.fr\/#breadcrumb\",\"itemListElement\":[{\"@type\":\"ListItem\",\"position\":1,\"name\":\"Accueil\",\"item\":\"https:\/\/uptowns.fr\/\"},{\"@type\":\"ListItem\",\"position\":2,\"name\":\"Uptowns\"}]},{\"@type\":\"WebSite\",\"@id\":\"https:\/\/uptowns.fr\/#website\",\"url\":\"https:\/\/uptowns.fr\/\",\"name\":\"Uptowns\",\"description\":\"\",\"publisher\":{\"@id\":\"https:\/\/uptowns.fr\/#organization\"},\"potentialAction\":[{\"@type\":\"SearchAction\",\"target\":{\"@type\":\"EntryPoint\",\"urlTemplate\":\"https:\/\/uptowns.fr\/?s={search_term_string}\"},\"query-input\":{\"@type\":\"PropertyValueSpecification\",\"valueRequired\":true,\"valueName\":\"search_term_string\"}}],\"inLanguage\":\"fr-FR\"},{\"@type\":\"Organization\",\"@id\":\"https:\/\/uptowns.fr\/#organization\",\"name\":\"Uptowns\",\"url\":\"https:\/\/uptowns.fr\/\",\"logo\":{\"@type\":\"ImageObject\",\"inLanguage\":\"fr-FR\",\"@id\":\"https:\/\/uptowns.fr\/#\/schema\/logo\/image\/\",\"url\":\"https:\/\/uptowns.fr\/wp-content\/uploads\/2020\/10\/Logo-Uptwons_texte_Plan-de-travail-1.png\",\"contentUrl\":\"https:\/\/uptowns.fr\/wp-content\/uploads\/2020\/10\/Logo-Uptwons_texte_Plan-de-travail-1.png\",\"width\":5627,\"height\":775,\"caption\":\"Uptowns\"},\"image\":{\"@id\":\"https:\/\/uptowns.fr\/#\/schema\/logo\/image\/\"},\"sameAs\":[\"https:\/\/www.instagram.com\/uptownsagency\/\",\"https:\/\/www.linkedin.com\/company\/uptowns\/\"]}]}<\/script>\n<!-- \/ Yoast SEO plugin. -->","yoast_head_json":{"title":"Uptowns","description":". Nous sommes Uptowns, une agence d&rsquo;insights culturels.&nbsp; Uptowns est un cabinet sp\u00e9cialis\u00e9 dans l&rsquo;analyse de la culture, afin d&rsquo;aider les marques, les entreprises et les institutions \u00e0 comprendre le changement et \u00e0 anticiper les futurs.&nbsp; Nous entendons la culture [&hellip;]","robots":{"index":"index","follow":"follow","max-snippet":"max-snippet:-1","max-image-preview":"max-image-preview:large","max-video-preview":"max-video-preview:-1"},"canonical":"https:\/\/uptowns.fr\/","og_locale":"fr_FR","og_type":"article","og_title":"Uptowns","og_description":"Nous sommes Uptowns, un cabinet d\u2019ethnographie digitale sp\u00e9cialis\u00e9 dans la d\u00e9tection, la quantification et l'exploration de la culture.","og_url":"https:\/\/uptowns.fr\/","og_site_name":"Uptowns","article_modified_time":"2026-03-17T00:03:46+00:00","og_image":[{"width":4132,"height":4031,"url":"https:\/\/uptowns.fr\/wp-content\/uploads\/2020\/10\/Logo-Uptwons_yeux_Plan-de-travail-1_Plan-de-travail-1.png","type":"image\/png"}],"twitter_card":"summary_large_image","twitter_misc":{"Dur\u00e9e de lecture estim\u00e9e":"2 minutes"},"schema":{"@context":"https:\/\/schema.org","@graph":[{"@type":"WebPage","@id":"https:\/\/uptowns.fr\/","url":"https:\/\/uptowns.fr\/","name":"Uptowns","isPartOf":{"@id":"https:\/\/uptowns.fr\/#website"},"primaryImageOfPage":{"@id":"https:\/\/uptowns.fr\/#primaryimage"},"image":{"@id":"https:\/\/uptowns.fr\/#primaryimage"},"thumbnailUrl":"http:\/\/uptowns.fr\/wp-content\/uploads\/2020\/10\/Logo-Uptwons_yeux_Plan-de-travail-1_Plan-de-travail-1-1024x999.png","datePublished":"2020-10-08T12:29:16+00:00","dateModified":"2026-03-17T00:03:46+00:00","description":"Nous sommes Uptowns, un cabinet d\u2019ethnographie digitale sp\u00e9cialis\u00e9 dans la d\u00e9tection, la quantification et l'exploration de la culture.","breadcrumb":{"@id":"https:\/\/uptowns.fr\/#breadcrumb"},"inLanguage":"fr-FR","potentialAction":[{"@type":"ReadAction","target":["https:\/\/uptowns.fr\/"]}]},{"@type":"ImageObject","inLanguage":"fr-FR","@id":"https:\/\/uptowns.fr\/#primaryimage","url":"https:\/\/uptowns.fr\/wp-content\/uploads\/2020\/10\/Logo-Uptwons_yeux_Plan-de-travail-1_Plan-de-travail-1.png","contentUrl":"https:\/\/uptowns.fr\/wp-content\/uploads\/2020\/10\/Logo-Uptwons_yeux_Plan-de-travail-1_Plan-de-travail-1.png","width":4132,"height":4031,"caption":"Yeux Uptowns"},{"@type":"BreadcrumbList","@id":"https:\/\/uptowns.fr\/#breadcrumb","itemListElement":[{"@type":"ListItem","position":1,"name":"Accueil","item":"https:\/\/uptowns.fr\/"},{"@type":"ListItem","position":2,"name":"Uptowns"}]},{"@type":"WebSite","@id":"https:\/\/uptowns.fr\/#website","url":"https:\/\/uptowns.fr\/","name":"Uptowns","description":"","publisher":{"@id":"https:\/\/uptowns.fr\/#organization"},"potentialAction":[{"@type":"SearchAction","target":{"@type":"EntryPoint","urlTemplate":"https:\/\/uptowns.fr\/?s={search_term_string}"},"query-input":{"@type":"PropertyValueSpecification","valueRequired":true,"valueName":"search_term_string"}}],"inLanguage":"fr-FR"},{"@type":"Organization","@id":"https:\/\/uptowns.fr\/#organization","name":"Uptowns","url":"https:\/\/uptowns.fr\/","logo":{"@type":"ImageObject","inLanguage":"fr-FR","@id":"https:\/\/uptowns.fr\/#\/schema\/logo\/image\/","url":"https:\/\/uptowns.fr\/wp-content\/uploads\/2020\/10\/Logo-Uptwons_texte_Plan-de-travail-1.png","contentUrl":"https:\/\/uptowns.fr\/wp-content\/uploads\/2020\/10\/Logo-Uptwons_texte_Plan-de-travail-1.png","width":5627,"height":775,"caption":"Uptowns"},"image":{"@id":"https:\/\/uptowns.fr\/#\/schema\/logo\/image\/"},"sameAs":["https:\/\/www.instagram.com\/uptownsagency\/","https:\/\/www.linkedin.com\/company\/uptowns\/"]}]}},"_links":{"self":[{"href":"https:\/\/uptowns.fr\/index.php?rest_route=\/wp\/v2\/pages\/5","targetHints":{"allow":["GET"]}}],"collection":[{"href":"https:\/\/uptowns.fr\/index.php?rest_route=\/wp\/v2\/pages"}],"about":[{"href":"https:\/\/uptowns.fr\/index.php?rest_route=\/wp\/v2\/types\/page"}],"author":[{"embeddable":true,"href":"https:\/\/uptowns.fr\/index.php?rest_route=\/wp\/v2\/users\/2"}],"replies":[{"embeddable":true,"href":"https:\/\/uptowns.fr\/index.php?rest_route=%2Fwp%2Fv2%2Fcomments&post=5"}],"version-history":[{"count":40,"href":"https:\/\/uptowns.fr\/index.php?rest_route=\/wp\/v2\/pages\/5\/revisions"}],"predecessor-version":[{"id":5687,"href":"https:\/\/uptowns.fr\/index.php?rest_route=\/wp\/v2\/pages\/5\/revisions\/5687"}],"wp:attachment":[{"href":"https:\/\/uptowns.fr\/index.php?rest_route=%2Fwp%2Fv2%2Fmedia&parent=5"}],"curies":[{"name":"wp","href":"https:\/\/api.w.org\/{rel}","templated":true}]}}