{"id":347,"date":"2020-10-27T11:52:57","date_gmt":"2020-10-27T10:52:57","guid":{"rendered":"https:\/\/uptowns.fr\/?page_id=347"},"modified":"2024-01-09T18:27:21","modified_gmt":"2024-01-09T17:27:21","slug":"uptowns-deutsch","status":"publish","type":"page","link":"https:\/\/uptowns.fr\/?page_id=347","title":{"rendered":"Uptowns"},"content":{"rendered":"\n<div class=\"wp-block-group\"><div class=\"wp-block-group__inner-container is-layout-flow wp-block-group-is-layout-flow\">\n<div id=\"eyes\" class=\"wp-block-image\"><figure class=\"aligncenter size-large is-resized\"><a href=\"#beginning\"><img loading=\"lazy\" decoding=\"async\" src=\"http:\/\/uptowns.fr\/wp-content\/uploads\/2020\/10\/Logo-Uptwons_yeux_Plan-de-travail-1_Plan-de-travail-1-1024x999.png\" alt=\"Nous sommes Uptowns, un cabinet d\u2019ethnographie digitale sp\u00e9cialis\u00e9 dans la d\u00e9tection et l\u2019exploration de micro-cultures.\" class=\"wp-image-88\" width=\"99\" height=\"96\" srcset=\"https:\/\/uptowns.fr\/wp-content\/uploads\/2020\/10\/Logo-Uptwons_yeux_Plan-de-travail-1_Plan-de-travail-1-1024x999.png 1024w, https:\/\/uptowns.fr\/wp-content\/uploads\/2020\/10\/Logo-Uptwons_yeux_Plan-de-travail-1_Plan-de-travail-1-300x293.png 300w, https:\/\/uptowns.fr\/wp-content\/uploads\/2020\/10\/Logo-Uptwons_yeux_Plan-de-travail-1_Plan-de-travail-1-768x749.png 768w, https:\/\/uptowns.fr\/wp-content\/uploads\/2020\/10\/Logo-Uptwons_yeux_Plan-de-travail-1_Plan-de-travail-1-1536x1498.png 1536w, https:\/\/uptowns.fr\/wp-content\/uploads\/2020\/10\/Logo-Uptwons_yeux_Plan-de-travail-1_Plan-de-travail-1-2048x1998.png 2048w, https:\/\/uptowns.fr\/wp-content\/uploads\/2020\/10\/Logo-Uptwons_yeux_Plan-de-travail-1_Plan-de-travail-1-480x468.png 480w\" sizes=\"auto, (max-width: 99px) 100vw, 99px\" \/><\/a><\/figure><\/div>\n\n\n\n<p><\/p>\n<\/div><\/div>\n\n\n\n<p><\/p>\n\n\n\n<p class=\"has-white-color has-text-color\" id=\"beginning\">.<\/p>\n\n\n\n<p><\/p>\n\n\n\n<p id=\"debut\"><\/p>\n\n\n\n<p><\/p>\n\n\n\n<div id=\"texte\" class=\"wp-block-group\"><div class=\"wp-block-group__inner-container is-layout-flow wp-block-group-is-layout-flow\">\n<p style=\"font-size:46px\"><em>We are Uptowns, a consultancy specialized in the detection and exploration of online micro-cultures.&nbsp;<\/em><\/p>\n\n\n\n<p style=\"font-size:46px\"><em>Why micro-cultures? Social media have democratized and demutiplied micro-communities. \nThey gather online around values, passions, subcultures or even content creators. Because they challenge the norm from the fringes, online micro-cultures often announce the emergence of new uses and practices.&nbsp;<\/em><\/p>\n\n\n\n<p style=\"font-size:46px\"><em>Our methodological process combines digital ethnography \u2013 a qualitative research method adapted to online communities \u2013 with social listening. Our approach is data-driven and insight-oriented, which allows us to detect emerging trends.<\/em><\/p>\n\n\n\n<p style=\"font-size:46px\"><em>Our mission: we help our clients decipher weak signals to anticipate behavioral changes in their markets.<\/em><\/p>\n\n\n\n<p style=\"font-size:46px\"><em>Our scope: Instagram, TikTok, Reddit, YouTube, Facebook, Twitter, Tumblr, LinkedIn.<\/em><\/p>\n\n\n\n<p style=\"font-size:46px\"><em>We provide inspiration to brands in order to help them feed their content strategy, enrich their customer experience, design new products and services or cope with cultural change.<\/em><\/p>\n\n\n\n<p style=\"font-size:46px\"><em>Our clients belong to different industries: luxury, services, beauty, mobility, food, tourism and corporate. We do collaborate with partners: research institute, media, consulting firms, communication agencies, design studios and innovation labs.<\/em><\/p>\n\n\n\n<div class=\"wp-block-group\"><div class=\"wp-block-group__inner-container is-layout-flow wp-block-group-is-layout-flow\">\n<div id=\"bottom\" class=\"wp-block-group\"><div class=\"wp-block-group__inner-container is-layout-flow wp-block-group-is-layout-flow\">\n<p style=\"font-size:46px\"><p style=\"font-size:46px;background-color:#ffda00!important\"> We are two co-founders: <a href=\"https:\/\/www.linkedin.com\/in\/philippe-llewellyn-832ba71\/\" target=\"_blank\" rel=\"noopener noreferrer\">Philippe Llewellyn<\/a> and <a href=\"https:\/\/www.linkedin.com\/in\/anthonydossantosboccard\/\" target=\"_blank\" rel=\"noopener noreferrer\">Anthony Dos Santos<\/a>.<\/p><\/p>\n\n\n\n<p style=\"font-size:46px\"><p style=\"font-size:46px;background-color:#ffda00!important\">Follow us on <a href=\"https:\/\/www.instagram.com\/uptownsagency\/\" target=\"_blank\" rel=\"noopener noreferrer\">Instagram<\/a> to decipher emerging cultural signals.<\/p><\/p>\n\n\n\n<p style=\"font-size:46px\"><p style=\"font-size:46px;background-color:#ffda00!important\">To keep you up to date with our news, join us on <a href=\"https:\/\/www.linkedin.com\/company\/uptowns\" target=\"_blank\" rel=\"noopener noreferrer\">LinkedIn<\/a>.&nbsp;<\/p><\/p>\n\n\n\n<p style=\"font-size:46px\"><p style=\"font-size:46px;background-color:#ffda00!important\"> For more in-depths observations and analysis, you can read us on <a href=\"https:\/\/medium.com\/@uptownsagency\" target=\"_blank\" rel=\"noopener noreferrer\">Medium<\/a>.<\/p><\/p>\n<\/div><\/div>\n<\/div><\/div>\n<\/div><\/div>\n\n\n\n<p class=\"has-large-font-size\"><\/p>\n","protected":false},"excerpt":{"rendered":"<p>. We are Uptowns, a consultancy specialized in the detection and exploration of online micro-cultures.&nbsp; Why micro-cultures? Social media have democratized and demutiplied micro-communities. They gather online around values, passions, subcultures or even content creators. Because they challenge the norm [&hellip;]<\/p>\n","protected":false},"author":2,"featured_media":0,"parent":0,"menu_order":0,"comment_status":"closed","ping_status":"open","template":"","meta":{"footnotes":""},"class_list":["post-347","page","type-page","status-publish","hentry"],"yoast_head":"<!-- This site is optimized with the Yoast SEO plugin v25.1 - https:\/\/yoast.com\/wordpress\/plugins\/seo\/ -->\n<title>Uptowns - Uptowns<\/title>\n<meta name=\"description\" content=\". We are Uptowns, a consultancy specialized in the detection and exploration of online micro-cultures.&nbsp; Why micro-cultures? Social media have democratized and demutiplied micro-communities. They gather online around values, passions, subcultures or even content creators. Because they challenge the norm [&hellip;]\" \/>\n<meta name=\"robots\" content=\"index, follow, max-snippet:-1, max-image-preview:large, max-video-preview:-1\" \/>\n<link rel=\"canonical\" href=\"https:\/\/uptowns.fr\/?page_id=347&lang=de\" \/>\n<meta property=\"og:locale\" content=\"fr_FR\" \/>\n<meta property=\"og:type\" content=\"article\" \/>\n<meta property=\"og:title\" content=\"Uptowns - Uptowns\" \/>\n<meta property=\"og:description\" content=\". We are Uptowns, a consultancy specialized in the detection and exploration of online micro-cultures.&nbsp; Why micro-cultures? Social media have democratized and demutiplied micro-communities. They gather online around values, passions, subcultures or even content creators. Because they challenge the norm [&hellip;]\" \/>\n<meta property=\"og:url\" content=\"https:\/\/uptowns.fr\/?page_id=347&amp;lang=de\" \/>\n<meta property=\"og:site_name\" content=\"Uptowns\" \/>\n<meta property=\"article:modified_time\" content=\"2024-01-09T17:27:21+00:00\" \/>\n<meta property=\"og:image\" content=\"http:\/\/uptowns.fr\/wp-content\/uploads\/2020\/10\/Logo-Uptwons_yeux_Plan-de-travail-1_Plan-de-travail-1-1024x999.png\" \/>\n<meta name=\"twitter:card\" content=\"summary_large_image\" \/>\n<meta name=\"twitter:label1\" content=\"Dur\u00e9e de lecture estim\u00e9e\" \/>\n\t<meta name=\"twitter:data1\" content=\"1 minute\" \/>\n<script type=\"application\/ld+json\" class=\"yoast-schema-graph\">{\"@context\":\"https:\/\/schema.org\",\"@graph\":[{\"@type\":\"WebPage\",\"@id\":\"https:\/\/uptowns.fr\/?page_id=347&lang=de\",\"url\":\"https:\/\/uptowns.fr\/?page_id=347&lang=de\",\"name\":\"Uptowns - Uptowns\",\"isPartOf\":{\"@id\":\"https:\/\/uptowns.fr\/#website\"},\"primaryImageOfPage\":{\"@id\":\"https:\/\/uptowns.fr\/?page_id=347&lang=de#primaryimage\"},\"image\":{\"@id\":\"https:\/\/uptowns.fr\/?page_id=347&lang=de#primaryimage\"},\"thumbnailUrl\":\"http:\/\/uptowns.fr\/wp-content\/uploads\/2020\/10\/Logo-Uptwons_yeux_Plan-de-travail-1_Plan-de-travail-1-1024x999.png\",\"datePublished\":\"2020-10-27T10:52:57+00:00\",\"dateModified\":\"2024-01-09T17:27:21+00:00\",\"breadcrumb\":{\"@id\":\"https:\/\/uptowns.fr\/?page_id=347&lang=de#breadcrumb\"},\"inLanguage\":\"fr-FR\",\"potentialAction\":[{\"@type\":\"ReadAction\",\"target\":[\"https:\/\/uptowns.fr\/?page_id=347&lang=de\"]}]},{\"@type\":\"ImageObject\",\"inLanguage\":\"fr-FR\",\"@id\":\"https:\/\/uptowns.fr\/?page_id=347&lang=de#primaryimage\",\"url\":\"https:\/\/uptowns.fr\/wp-content\/uploads\/2020\/10\/Logo-Uptwons_yeux_Plan-de-travail-1_Plan-de-travail-1.png\",\"contentUrl\":\"https:\/\/uptowns.fr\/wp-content\/uploads\/2020\/10\/Logo-Uptwons_yeux_Plan-de-travail-1_Plan-de-travail-1.png\",\"width\":4132,\"height\":4031,\"caption\":\"Yeux Uptowns\"},{\"@type\":\"BreadcrumbList\",\"@id\":\"https:\/\/uptowns.fr\/?page_id=347&lang=de#breadcrumb\",\"itemListElement\":[{\"@type\":\"ListItem\",\"position\":1,\"name\":\"Accueil\",\"item\":\"https:\/\/uptowns.fr\/\"},{\"@type\":\"ListItem\",\"position\":2,\"name\":\"Uptowns\"}]},{\"@type\":\"WebSite\",\"@id\":\"https:\/\/uptowns.fr\/#website\",\"url\":\"https:\/\/uptowns.fr\/\",\"name\":\"Uptowns\",\"description\":\"\",\"publisher\":{\"@id\":\"https:\/\/uptowns.fr\/#organization\"},\"potentialAction\":[{\"@type\":\"SearchAction\",\"target\":{\"@type\":\"EntryPoint\",\"urlTemplate\":\"https:\/\/uptowns.fr\/?s={search_term_string}\"},\"query-input\":{\"@type\":\"PropertyValueSpecification\",\"valueRequired\":true,\"valueName\":\"search_term_string\"}}],\"inLanguage\":\"fr-FR\"},{\"@type\":\"Organization\",\"@id\":\"https:\/\/uptowns.fr\/#organization\",\"name\":\"Uptowns\",\"url\":\"https:\/\/uptowns.fr\/\",\"logo\":{\"@type\":\"ImageObject\",\"inLanguage\":\"fr-FR\",\"@id\":\"https:\/\/uptowns.fr\/#\/schema\/logo\/image\/\",\"url\":\"https:\/\/uptowns.fr\/wp-content\/uploads\/2020\/10\/Logo-Uptwons_texte_Plan-de-travail-1.png\",\"contentUrl\":\"https:\/\/uptowns.fr\/wp-content\/uploads\/2020\/10\/Logo-Uptwons_texte_Plan-de-travail-1.png\",\"width\":5627,\"height\":775,\"caption\":\"Uptowns\"},\"image\":{\"@id\":\"https:\/\/uptowns.fr\/#\/schema\/logo\/image\/\"},\"sameAs\":[\"https:\/\/www.instagram.com\/uptownsagency\/\",\"https:\/\/www.linkedin.com\/company\/uptowns\/\"]}]}<\/script>\n<!-- \/ Yoast SEO plugin. -->","yoast_head_json":{"title":"Uptowns - Uptowns","description":". We are Uptowns, a consultancy specialized in the detection and exploration of online micro-cultures.&nbsp; Why micro-cultures? Social media have democratized and demutiplied micro-communities. They gather online around values, passions, subcultures or even content creators. Because they challenge the norm [&hellip;]","robots":{"index":"index","follow":"follow","max-snippet":"max-snippet:-1","max-image-preview":"max-image-preview:large","max-video-preview":"max-video-preview:-1"},"canonical":"https:\/\/uptowns.fr\/?page_id=347&lang=de","og_locale":"fr_FR","og_type":"article","og_title":"Uptowns - Uptowns","og_description":". We are Uptowns, a consultancy specialized in the detection and exploration of online micro-cultures.&nbsp; Why micro-cultures? Social media have democratized and demutiplied micro-communities. They gather online around values, passions, subcultures or even content creators. Because they challenge the norm [&hellip;]","og_url":"https:\/\/uptowns.fr\/?page_id=347&lang=de","og_site_name":"Uptowns","article_modified_time":"2024-01-09T17:27:21+00:00","og_image":[{"url":"http:\/\/uptowns.fr\/wp-content\/uploads\/2020\/10\/Logo-Uptwons_yeux_Plan-de-travail-1_Plan-de-travail-1-1024x999.png","type":"","width":"","height":""}],"twitter_card":"summary_large_image","twitter_misc":{"Dur\u00e9e de lecture estim\u00e9e":"1 minute"},"schema":{"@context":"https:\/\/schema.org","@graph":[{"@type":"WebPage","@id":"https:\/\/uptowns.fr\/?page_id=347&lang=de","url":"https:\/\/uptowns.fr\/?page_id=347&lang=de","name":"Uptowns - Uptowns","isPartOf":{"@id":"https:\/\/uptowns.fr\/#website"},"primaryImageOfPage":{"@id":"https:\/\/uptowns.fr\/?page_id=347&lang=de#primaryimage"},"image":{"@id":"https:\/\/uptowns.fr\/?page_id=347&lang=de#primaryimage"},"thumbnailUrl":"http:\/\/uptowns.fr\/wp-content\/uploads\/2020\/10\/Logo-Uptwons_yeux_Plan-de-travail-1_Plan-de-travail-1-1024x999.png","datePublished":"2020-10-27T10:52:57+00:00","dateModified":"2024-01-09T17:27:21+00:00","breadcrumb":{"@id":"https:\/\/uptowns.fr\/?page_id=347&lang=de#breadcrumb"},"inLanguage":"fr-FR","potentialAction":[{"@type":"ReadAction","target":["https:\/\/uptowns.fr\/?page_id=347&lang=de"]}]},{"@type":"ImageObject","inLanguage":"fr-FR","@id":"https:\/\/uptowns.fr\/?page_id=347&lang=de#primaryimage","url":"https:\/\/uptowns.fr\/wp-content\/uploads\/2020\/10\/Logo-Uptwons_yeux_Plan-de-travail-1_Plan-de-travail-1.png","contentUrl":"https:\/\/uptowns.fr\/wp-content\/uploads\/2020\/10\/Logo-Uptwons_yeux_Plan-de-travail-1_Plan-de-travail-1.png","width":4132,"height":4031,"caption":"Yeux Uptowns"},{"@type":"BreadcrumbList","@id":"https:\/\/uptowns.fr\/?page_id=347&lang=de#breadcrumb","itemListElement":[{"@type":"ListItem","position":1,"name":"Accueil","item":"https:\/\/uptowns.fr\/"},{"@type":"ListItem","position":2,"name":"Uptowns"}]},{"@type":"WebSite","@id":"https:\/\/uptowns.fr\/#website","url":"https:\/\/uptowns.fr\/","name":"Uptowns","description":"","publisher":{"@id":"https:\/\/uptowns.fr\/#organization"},"potentialAction":[{"@type":"SearchAction","target":{"@type":"EntryPoint","urlTemplate":"https:\/\/uptowns.fr\/?s={search_term_string}"},"query-input":{"@type":"PropertyValueSpecification","valueRequired":true,"valueName":"search_term_string"}}],"inLanguage":"fr-FR"},{"@type":"Organization","@id":"https:\/\/uptowns.fr\/#organization","name":"Uptowns","url":"https:\/\/uptowns.fr\/","logo":{"@type":"ImageObject","inLanguage":"fr-FR","@id":"https:\/\/uptowns.fr\/#\/schema\/logo\/image\/","url":"https:\/\/uptowns.fr\/wp-content\/uploads\/2020\/10\/Logo-Uptwons_texte_Plan-de-travail-1.png","contentUrl":"https:\/\/uptowns.fr\/wp-content\/uploads\/2020\/10\/Logo-Uptwons_texte_Plan-de-travail-1.png","width":5627,"height":775,"caption":"Uptowns"},"image":{"@id":"https:\/\/uptowns.fr\/#\/schema\/logo\/image\/"},"sameAs":["https:\/\/www.instagram.com\/uptownsagency\/","https:\/\/www.linkedin.com\/company\/uptowns\/"]}]}},"_links":{"self":[{"href":"https:\/\/uptowns.fr\/index.php?rest_route=\/wp\/v2\/pages\/347","targetHints":{"allow":["GET"]}}],"collection":[{"href":"https:\/\/uptowns.fr\/index.php?rest_route=\/wp\/v2\/pages"}],"about":[{"href":"https:\/\/uptowns.fr\/index.php?rest_route=\/wp\/v2\/types\/page"}],"author":[{"embeddable":true,"href":"https:\/\/uptowns.fr\/index.php?rest_route=\/wp\/v2\/users\/2"}],"replies":[{"embeddable":true,"href":"https:\/\/uptowns.fr\/index.php?rest_route=%2Fwp%2Fv2%2Fcomments&post=347"}],"version-history":[{"count":3,"href":"https:\/\/uptowns.fr\/index.php?rest_route=\/wp\/v2\/pages\/347\/revisions"}],"predecessor-version":[{"id":361,"href":"https:\/\/uptowns.fr\/index.php?rest_route=\/wp\/v2\/pages\/347\/revisions\/361"}],"wp:attachment":[{"href":"https:\/\/uptowns.fr\/index.php?rest_route=%2Fwp%2Fv2%2Fmedia&parent=347"}],"curies":[{"name":"wp","href":"https:\/\/api.w.org\/{rel}","templated":true}]}}